{"id":2082,"date":"2026-03-02T19:29:19","date_gmt":"2026-03-03T00:29:19","guid":{"rendered":"https:\/\/joesroofingandrepairs.com\/?page_id=2082"},"modified":"2026-03-30T20:39:48","modified_gmt":"2026-03-31T00:39:48","slug":"best-time-to-replace-roof","status":"publish","type":"page","link":"https:\/\/joesroofingandrepairs.com\/fr\/best-time-to-replace-roof\/","title":{"rendered":"Meilleur temps de remplacer le toit"},"content":{"rendered":"<div data-elementor-type=\"wp-page\" data-elementor-id=\"2082\" class=\"elementor elementor-2082\" data-elementor-post-type=\"page\">\n\t\t\t\t<div class=\"elementor-element elementor-element-828c58d e-con-full e-flex e-con e-parent\" data-id=\"828c58d\" data-element_type=\"container\" data-e-type=\"container\" data-settings=\"{&quot;background_background&quot;:&quot;classic&quot;}\">\n\t\t<div class=\"elementor-element elementor-element-0c568cc e-con-full e-flex e-con e-child\" data-id=\"0c568cc\" data-element_type=\"container\" data-e-type=\"container\">\n\t\t<div class=\"elementor-element elementor-element-3ae40a2 e-con-full e-flex e-con e-child\" data-id=\"3ae40a2\" data-element_type=\"container\" data-e-type=\"container\" data-settings=\"{&quot;background_background&quot;:&quot;classic&quot;}\">\n\t\t<main class=\"elementor-element elementor-element-3d1291c e-con-full e-flex e-con e-child\" data-id=\"3d1291c\" data-element_type=\"container\" data-e-type=\"container\">\n\t\t<section class=\"elementor-element elementor-element-81e6e7f e-con-full e-flex e-con e-child\" data-id=\"81e6e7f\" data-element_type=\"container\" data-e-type=\"container\">\n\t\t<div class=\"elementor-element elementor-element-77d37da e-con-full e-flex e-con e-child\" data-id=\"77d37da\" data-element_type=\"container\" data-e-type=\"container\" data-settings=\"{&quot;position&quot;:&quot;absolute&quot;}\">\n\t\t\t\t<div class=\"elementor-element elementor-element-3b40117 elementor-widget__width-inherit elementor-widget elementor-widget-image\" data-id=\"3b40117\" data-element_type=\"widget\" data-e-type=\"widget\" data-widget_type=\"image.default\">\n\t\t\t\t\t\t\t\t\t\t\t\t\t\t\t<img fetchpriority=\"high\" decoding=\"async\" width=\"786\" height=\"590\" src=\"https:\/\/joesroofingandrepairs.com\/wp-content\/uploads\/2025\/01\/Resized_20240529_173137.jpeg\" class=\"attachment-full size-full wp-image-12\" alt=\"Maison\" srcset=\"https:\/\/joesroofingandrepairs.com\/wp-content\/uploads\/2025\/01\/Resized_20240529_173137.jpeg 786w, https:\/\/joesroofingandrepairs.com\/wp-content\/uploads\/2025\/01\/Resized_20240529_173137-300x225.jpeg 300w, https:\/\/joesroofingandrepairs.com\/wp-content\/uploads\/2025\/01\/Resized_20240529_173137-768x576.jpeg 768w\" sizes=\"(max-width: 786px) 100vw, 786px\" title=\"\">\t\t\t\t\t\t\t\t\t\t\t\t\t\t\t<\/div>\n\t\t<div class=\"elementor-element elementor-element-9544451 e-con-full e-flex e-con e-child\" data-id=\"9544451\" data-element_type=\"container\" data-e-type=\"container\" data-settings=\"{&quot;background_background&quot;:&quot;classic&quot;,&quot;position&quot;:&quot;absolute&quot;}\">\n\t\t\t\t<\/div>\n\t\t\t\t<\/div>\n\t\t<div class=\"elementor-element elementor-element-acbe8c9 e-con-full e-flex e-con e-child\" data-id=\"acbe8c9\" data-element_type=\"container\" data-e-type=\"container\">\n\t\t\t\t<div class=\"elementor-element elementor-element-6495c09 elementor-widget elementor-widget-button\" data-id=\"6495c09\" data-element_type=\"widget\" data-e-type=\"widget\" data-widget_type=\"button.default\">\n\t\t\t\t\t\t\t\t\t\t<a class=\"elementor-button elementor-button-link elementor-size-sm\" href=\"https:\/\/joesroofingandrepairs.com\/fr\/blog\/\">\n\t\t\t\t\t\t<span class=\"elementor-button-content-wrapper\">\n\t\t\t\t\t\t<span class=\"elementor-button-icon\">\n\t\t\t\t<svg aria-hidden=\"true\" class=\"e-font-icon-svg e-fas-arrow-left\" viewbox=\"0 0 448 512\" xmlns=\"http:\/\/www.w3.org\/2000\/svg\"><path d=\"M257.5 445.1l-22.2 22.2c-9.4 9.4-24.6 9.4-33.9 0L7 273c-9.4-9.4-9.4-24.6 0-33.9L201.4 44.7c9.4-9.4 24.6-9.4 33.9 0l22.2 22.2c9.5 9.5 9.3 25-.4 34.3L136.6 216H424c13.3 0 24 10.7 24 24v32c0 13.3-10.7 24-24 24H136.6l120.5 114.8c9.8 9.3 10 24.8.4 34.3z\"><\/path><\/svg>\t\t\t<\/span>\n\t\t\t\t\t\t\t\t\t<span class=\"elementor-button-text\">Retour au Blog<\/span>\n\t\t\t\t\t<\/span>\n\t\t\t\t\t<\/a>\n\t\t\t\t\t\t\t\t<\/div>\n\t\t\t\t<div class=\"elementor-element elementor-element-d522745 elementor-widget__width-initial elementor-widget elementor-widget-heading\" data-id=\"d522745\" data-element_type=\"widget\" data-e-type=\"widget\" data-widget_type=\"heading.default\">\n\t\t\t\t\t<div class=\"elementor-heading-title elementor-size-default\">Remplacement Du Toit<\/div>\t\t\t\t<\/div>\n\t\t\t\t<div class=\"elementor-element elementor-element-10a6c3c elementor-widget__width-inherit elementor-widget elementor-widget-heading\" data-id=\"10a6c3c\" data-element_type=\"widget\" data-e-type=\"widget\" data-widget_type=\"heading.default\">\n\t\t\t\t\t<h1 class=\"elementor-heading-title elementor-size-default\">Quand Est Le Meilleur Temps De Remplacer Votre Toit?<\/h1>\t\t\t\t<\/div>\n\t\t<div class=\"elementor-element elementor-element-5f0011b e-con-full e-flex e-con e-child\" data-id=\"5f0011b\" data-element_type=\"container\" data-e-type=\"container\">\n\t\t<div class=\"elementor-element elementor-element-a3ee715 e-con-full e-flex e-con e-child\" data-id=\"a3ee715\" data-element_type=\"container\" data-e-type=\"container\">\n\t\t\t\t<div class=\"elementor-element elementor-element-1294db9 elementor-widget elementor-widget-heading\" data-id=\"1294db9\" data-element_type=\"widget\" data-e-type=\"widget\" data-widget_type=\"heading.default\">\n\t\t\t\t\t<span class=\"elementor-heading-title elementor-size-default\">L'\u00e9quipe de Joe's Roofing<\/span>\t\t\t\t<\/div>\n\t\t\t\t<\/div>\n\t\t<div class=\"elementor-element elementor-element-55e5628 e-con-full e-flex e-con e-child\" data-id=\"55e5628\" data-element_type=\"container\" data-e-type=\"container\">\n\t\t\t\t<div class=\"elementor-element elementor-element-c668b5c elementor-widget elementor-widget-heading\" data-id=\"c668b5c\" data-element_type=\"widget\" data-e-type=\"widget\" data-widget_type=\"heading.default\">\n\t\t\t\t\t<span class=\"elementor-heading-title elementor-size-default\">14 janvier 2024<\/span>\t\t\t\t<\/div>\n\t\t\t\t<\/div>\n\t\t<div class=\"elementor-element elementor-element-ee116e9 e-con-full e-flex e-con e-child\" data-id=\"ee116e9\" data-element_type=\"container\" data-e-type=\"container\">\n\t\t\t\t<div class=\"elementor-element elementor-element-bfdee8d elementor-widget elementor-widget-heading\" data-id=\"bfdee8d\" data-element_type=\"widget\" data-e-type=\"widget\" data-widget_type=\"heading.default\">\n\t\t\t\t\t<span class=\"elementor-heading-title elementor-size-default\">5 min en lecture<\/span>\t\t\t\t<\/div>\n\t\t\t\t<\/div>\n\t\t\t\t<\/div>\n\t\t\t\t<\/div>\n\t\t\t\t<\/section>\n\t\t<div class=\"elementor-element elementor-element-e3f1101 e-con-full e-flex e-con e-child\" data-id=\"e3f1101\" data-element_type=\"container\" data-e-type=\"container\">\n\t\t<div class=\"elementor-element elementor-element-897588a e-con-full e-flex e-con e-child\" data-id=\"897588a\" data-element_type=\"container\" data-e-type=\"container\">\n\t\t<div class=\"elementor-element elementor-element-b803ebd e-con-full e-flex e-con e-child\" data-id=\"b803ebd\" data-element_type=\"container\" data-e-type=\"container\">\n\t\t\t\t<div class=\"elementor-element elementor-element-e643a97 elementor-widget__width-inherit elementor-widget elementor-widget-heading\" data-id=\"e643a97\" data-element_type=\"widget\" data-e-type=\"widget\" data-widget_type=\"heading.default\">\n\t\t\t\t\t<p class=\"elementor-heading-title elementor-size-default\">La d\u00e9cision de remplacer votre toit est l'une des d\u00e9cisions les plus importantes d'un propri\u00e9taire peut faire. Alors que la plupart des toits sont construits pour 20 \u00e0 25 derni\u00e8res ann\u00e9es, plusieurs facteurs peuvent influer sur le moment optimal pour un remplacement.<\/p>\t\t\t\t<\/div>\n\t\t\t\t<div class=\"elementor-element elementor-element-3e8065d elementor-widget__width-inherit elementor-widget elementor-widget-heading\" data-id=\"3e8065d\" data-element_type=\"widget\" data-e-type=\"widget\" data-widget_type=\"heading.default\">\n\t\t\t\t\t<h2 class=\"elementor-heading-title elementor-size-default\">Consid\u00e9rations Saisonni\u00e8res<\/h2>\t\t\t\t<\/div>\n\t\t\t\t<div class=\"elementor-element elementor-element-4f9c600 elementor-widget__width-inherit elementor-widget elementor-widget-heading\" data-id=\"4f9c600\" data-element_type=\"widget\" data-e-type=\"widget\" data-widget_type=\"heading.default\">\n\t\t\t\t\t<h3 class=\"elementor-heading-title elementor-size-default\">Printemps et \u00e0 l'Automne: Les Saisons Id\u00e9ales<\/h3>\t\t\t\t<\/div>\n\t\t\t\t<div class=\"elementor-element elementor-element-704cb74 elementor-widget__width-inherit elementor-widget elementor-widget-heading\" data-id=\"704cb74\" data-element_type=\"widget\" data-e-type=\"widget\" data-widget_type=\"heading.default\">\n\t\t\t\t\t<p class=\"elementor-heading-title elementor-size-default\">Le printemps et l'automne sont g\u00e9n\u00e9ralement le meilleur moment pour planifier un remplacement du toit, \u00e0 Ottawa. Au cours de ces saisons, les temp\u00e9ratures sont mod\u00e9r\u00e9es, le rendant plus facile pour les mat\u00e9riaux de toiture pour sceller correctement. En outre, les conditions m\u00e9t\u00e9orologiques sont g\u00e9n\u00e9ralement de plus en plus pr\u00e9visible, permettant pour plus de douceur \u00e0 l'ach\u00e8vement du projet.<\/p>\t\t\t\t<\/div>\n\t\t\t\t<div class=\"elementor-element elementor-element-95e8651 elementor-widget__width-inherit elementor-widget elementor-widget-heading\" data-id=\"95e8651\" data-element_type=\"widget\" data-e-type=\"widget\" data-widget_type=\"heading.default\">\n\t\t\t\t\t<h3 class=\"elementor-heading-title elementor-size-default\">L'\u00c9t\u00e9 De La Toiture<\/h3>\t\t\t\t<\/div>\n\t\t\t\t<div class=\"elementor-element elementor-element-9a72f4b elementor-widget__width-inherit elementor-widget elementor-widget-heading\" data-id=\"9a72f4b\" data-element_type=\"widget\" data-e-type=\"widget\" data-widget_type=\"heading.default\">\n\t\t\t\t\t<p class=\"elementor-heading-title elementor-size-default\">L'\u00e9t\u00e9 peut aussi \u00eatre un bon moment pour le remplacement du toit, bien que la chaleur extr\u00eame peut rendre le travail plus difficile pour les \u00e9quipages. Toutefois, les longues heures de la journ\u00e9e et du temps sec qui signifie souvent plus rapide de l'ach\u00e8vement du projet.<\/p>\t\t\t\t<\/div>\n\t\t\t\t<div class=\"elementor-element elementor-element-c715198 elementor-widget__width-inherit elementor-widget elementor-widget-heading\" data-id=\"c715198\" data-element_type=\"widget\" data-e-type=\"widget\" data-widget_type=\"heading.default\">\n\t\t\t\t\t<h3 class=\"elementor-heading-title elementor-size-default\">L'Hiver Consid\u00e9rations<\/h3>\t\t\t\t<\/div>\n\t\t\t\t<div class=\"elementor-element elementor-element-f5b4126 elementor-widget__width-inherit elementor-widget elementor-widget-heading\" data-id=\"f5b4126\" data-element_type=\"widget\" data-e-type=\"widget\" data-widget_type=\"heading.default\">\n\t\t\t\t\t<p class=\"elementor-heading-title elementor-size-default\">Alors que l'hiver la toiture est possible, le froid peut affecter certains mat\u00e9riaux et de l'installation. Des r\u00e9parations d'urgence ne doit jamais \u00eatre retard\u00e9 quelle que soit la saison, mais c'est pr\u00e9vu remplacements sont les mieux planifi\u00e9es pour les mois les plus chauds.<\/p>\t\t\t\t<\/div>\n\t\t\t\t<div class=\"elementor-element elementor-element-56948bc elementor-widget__width-inherit elementor-widget elementor-widget-heading\" data-id=\"56948bc\" data-element_type=\"widget\" data-e-type=\"widget\" data-widget_type=\"heading.default\">\n\t\t\t\t\t<h2 class=\"elementor-heading-title elementor-size-default\">Les Panneaux d'avertissement Vous avez Besoin d'un Nouveau Toit<\/h2>\t\t\t\t<\/div>\n\t\t<div class=\"elementor-element elementor-element-49c470c e-con-full e-flex e-con e-child\" data-id=\"49c470c\" data-element_type=\"container\" data-e-type=\"container\">\n\t\t\t\t<div class=\"elementor-element elementor-element-2d001e7 elementor-widget__width-inherit elementor-widget elementor-widget-heading\" data-id=\"2d001e7\" data-element_type=\"widget\" data-e-type=\"widget\" data-widget_type=\"heading.default\">\n\t\t\t\t\t<div class=\"elementor-heading-title elementor-size-default\">Les bardeaux se courbent, se fendent ou manquent<\/div>\t\t\t\t<\/div>\n\t\t\t\t<div class=\"elementor-element elementor-element-064d813 elementor-widget__width-inherit elementor-widget elementor-widget-heading\" data-id=\"064d813\" data-element_type=\"widget\" data-e-type=\"widget\" data-widget_type=\"heading.default\">\n\t\t\t\t\t<div class=\"elementor-heading-title elementor-size-default\">Le toit est de 20+ ans<\/div>\t\t\t\t<\/div>\n\t\t\t\t<div class=\"elementor-element elementor-element-2677119 elementor-widget__width-inherit elementor-widget elementor-widget-heading\" data-id=\"2677119\" data-element_type=\"widget\" data-e-type=\"widget\" data-widget_type=\"heading.default\">\n\t\t\t\t\t<div class=\"elementor-heading-title elementor-size-default\">Lumi\u00e8re visible \u00e0 travers les planches du toit<\/div>\t\t\t\t<\/div>\n\t\t\t\t<div class=\"elementor-element elementor-element-7a55cac elementor-widget__width-inherit elementor-widget elementor-widget-heading\" data-id=\"7a55cac\" data-element_type=\"widget\" data-e-type=\"widget\" data-widget_type=\"heading.default\">\n\t\t\t\t\t<div class=\"elementor-heading-title elementor-size-default\">Affaissement de la terrasse sur le toit<\/div>\t\t\t\t<\/div>\n\t\t\t\t<div class=\"elementor-element elementor-element-c917dd2 elementor-widget__width-inherit elementor-widget elementor-widget-heading\" data-id=\"c917dd2\" data-element_type=\"widget\" data-e-type=\"widget\" data-widget_type=\"heading.default\">\n\t\t\t\t\t<div class=\"elementor-heading-title elementor-size-default\">De la mousse ou de la croissance des algues<\/div>\t\t\t\t<\/div>\n\t\t\t\t<div class=\"elementor-element elementor-element-262d182 elementor-widget__width-inherit elementor-widget elementor-widget-heading\" data-id=\"262d182\" data-element_type=\"widget\" data-e-type=\"widget\" data-widget_type=\"heading.default\">\n\t\t\t\t\t<div class=\"elementor-heading-title elementor-size-default\">Les Granules de collecte dans les goutti\u00e8res<\/div>\t\t\t\t<\/div>\n\t\t\t\t<div class=\"elementor-element elementor-element-1cfee17 elementor-widget__width-inherit elementor-widget elementor-widget-heading\" data-id=\"1cfee17\" data-element_type=\"widget\" data-e-type=\"widget\" data-widget_type=\"heading.default\">\n\t\t\t\t\t<div class=\"elementor-heading-title elementor-size-default\">Des taches d'eau sur les plafonds int\u00e9rieurs<\/div>\t\t\t\t<\/div>\n\t\t\t\t<\/div>\n\t\t\t\t<div class=\"elementor-element elementor-element-0882e9e elementor-widget__width-inherit elementor-widget elementor-widget-heading\" data-id=\"0882e9e\" data-element_type=\"widget\" data-e-type=\"widget\" data-widget_type=\"heading.default\">\n\t\t\t\t\t<h2 class=\"elementor-heading-title elementor-size-default\">De La Planification \u00c0 L'Avance<\/h2>\t\t\t\t<\/div>\n\t\t\t\t<div class=\"elementor-element elementor-element-c858a82 elementor-widget__width-inherit elementor-widget elementor-widget-heading\" data-id=\"c858a82\" data-element_type=\"widget\" data-e-type=\"widget\" data-widget_type=\"heading.default\">\n\t\t\t\t\t<p class=\"elementor-heading-title elementor-size-default\">La meilleure approche est d'avoir votre toit d'une inspection annuelle. Cela vous permet de planifier le remplacement sur votre calendrier, plut\u00f4t que comme une urgence. Avec plus de 25 ans d'exp\u00e9rience, Joe Toiture et les R\u00e9parations peuvent vous aider \u00e0 d\u00e9terminer le bon moment pour votre remplacement du toit.<\/p>\t\t\t\t<\/div>\n\t\t\t\t<div class=\"elementor-element elementor-element-5b76e5a elementor-widget__width-inherit elementor-widget elementor-widget-heading\" data-id=\"5b76e5a\" data-element_type=\"widget\" data-e-type=\"widget\" data-widget_type=\"heading.default\">\n\t\t\t\t\t<p class=\"elementor-heading-title elementor-size-default\">Contact us today at 613-325-6069 for an inspection and estimate. <\/p>\t\t\t\t<\/div>\n\t\t\t\t<\/div>\n\t\t\t\t<\/div>\n\t\t\t\t<\/div>\n\t\t<section class=\"elementor-element elementor-element-ef13cbb e-con-full e-flex e-con e-child\" data-id=\"ef13cbb\" data-element_type=\"container\" data-e-type=\"container\" data-settings=\"{&quot;background_background&quot;:&quot;classic&quot;}\">\n\t\t<div class=\"elementor-element elementor-element-a762b21 e-con-full e-flex e-con e-child\" data-id=\"a762b21\" data-element_type=\"container\" data-e-type=\"container\">\n\t\t\t\t<div class=\"elementor-element elementor-element-0f38d4a elementor-widget__width-inherit elementor-widget elementor-widget-heading\" data-id=\"0f38d4a\" data-element_type=\"widget\" data-e-type=\"widget\" data-widget_type=\"heading.default\">\n\t\t\t\t\t<h2 class=\"elementor-heading-title elementor-size-default\">BESOIN D'UN SERVICE DE COUVERTURE ?<\/h2>\t\t\t\t<\/div>\n\t\t\t\t<div class=\"elementor-element elementor-element-c8cab74 elementor-widget__width-inherit elementor-widget elementor-widget-heading\" data-id=\"c8cab74\" data-element_type=\"widget\" data-e-type=\"widget\" data-widget_type=\"heading.default\">\n\t\t\t\t\t<p class=\"elementor-heading-title elementor-size-default\">Call us at 613-325-6069 our expert team is ready to help with all your roofing needs.<\/p>\t\t\t\t<\/div>\n\t\t<div class=\"elementor-element elementor-element-b76e320 e-con-full e-flex e-con e-child\" data-id=\"b76e320\" data-element_type=\"container\" data-e-type=\"container\">\n\t\t\t\t<div class=\"elementor-element elementor-element-dc21e5e elementor-widget elementor-widget-button\" data-id=\"dc21e5e\" data-element_type=\"widget\" data-e-type=\"widget\" data-widget_type=\"button.default\">\n\t\t\t\t\t\t\t\t\t\t<a class=\"elementor-button elementor-button-link elementor-size-sm elementor-animation-shrink\" href=\"https:\/\/joesroofingandrepairs.com\/fr\/services\/\">\n\t\t\t\t\t\t<span class=\"elementor-button-content-wrapper\">\n\t\t\t\t\t\t\t\t\t<span class=\"elementor-button-text\">Voir nos Services<\/span>\n\t\t\t\t\t<\/span>\n\t\t\t\t\t<\/a>\n\t\t\t\t\t\t\t\t<\/div>\n\t\t\t\t<\/div>\n\t\t\t\t<\/div>\n\t\t\t\t<\/section>\n\t\t\t\t<\/main>\n\t\t<footer class=\"elementor-element elementor-element-771ce51 e-con-full e-flex e-con e-child\" data-id=\"771ce51\" data-element_type=\"container\" data-e-type=\"container\" data-settings=\"{&quot;background_background&quot;:&quot;classic&quot;}\">\n\t\t<div class=\"elementor-element elementor-element-dd5f372 e-flex e-con-boxed e-con e-child\" data-id=\"dd5f372\" data-element_type=\"container\" data-e-type=\"container\">\n\t\t\t\t\t<div class=\"e-con-inner\">\n\t\t<div class=\"elementor-element elementor-element-894fe18 e-con-full e-flex e-con e-child\" data-id=\"894fe18\" data-element_type=\"container\" data-e-type=\"container\">\n\t\t\t\t<div class=\"elementor-element elementor-element-1d5a952 elementor-widget elementor-widget-heading\" data-id=\"1d5a952\" data-element_type=\"widget\" data-e-type=\"widget\" data-widget_type=\"heading.default\">\n\t\t\t\t\t<p class=\"elementor-heading-title elementor-size-default\">\u00a9 2026 Joe's Roofing and Repairs. Tous droits r\u00e9serv\u00e9s.<\/p>\t\t\t\t<\/div>\n\t\t\t\t<\/div>\n\t\t\t\t\t<\/div>\n\t\t\t\t<\/div>\n\t\t\t\t<\/footer>\n\t\t\t\t<\/div>\n\t\t\t\t<\/div>\n\t\t<div class=\"elementor-element elementor-element-fdf5805 e-con-full e-flex e-con e-child\" data-id=\"fdf5805\" data-element_type=\"container\" data-e-type=\"container\">\n\t\t<div class=\"elementor-element elementor-element-331043a e-con-full e-flex e-con e-child\" data-id=\"331043a\" data-element_type=\"container\" data-e-type=\"container\">\n\t\t<div class=\"elementor-element elementor-element-ea64f38 e-con-full e-flex e-con e-child\" data-id=\"ea64f38\" data-element_type=\"container\" data-e-type=\"container\">\n\t\t\t\t<\/div>\n\t\t\t\t<\/div>\n\t\t\t\t<\/div>\n\t\t\t\t<\/div>\n\t\t\t\t<\/div>","protected":false},"excerpt":{"rendered":"<p>Back to Blog Roof Replacement When Is The Best Time To Replace Your Roof? Joe&#8217;s Roofing Team January 14, 2024 5 min read Deciding when to replace your roof is one of the most important decisions a homeowner can make. While most roofs are built to last 20-25 years, several factors can influence the optimal&#8230;<\/p>","protected":false},"author":1,"featured_media":0,"parent":0,"menu_order":0,"comment_status":"closed","ping_status":"closed","template":"elementor_header_footer","meta":{"_uag_custom_page_level_css":"","_kad_post_transparent":"","_kad_post_title":"hide","_kad_post_layout":"fullwidth","_kad_post_sidebar_id":"","_kad_post_content_style":"unboxed","_kad_post_vertical_padding":"hide","_kad_post_feature":"hide","_kad_post_feature_position":"","_kad_post_header":false,"_kad_post_footer":false,"_kad_post_classname":"","footnotes":""},"class_list":["post-2082","page","type-page","status-publish","hentry"],"uagb_featured_image_src":{"full":false,"thumbnail":false,"medium":false,"medium_large":false,"large":false,"1536x1536":false,"2048x2048":false,"trp-custom-language-flag":false},"uagb_author_info":{"display_name":"JoesRoofing","author_link":"https:\/\/joesroofingandrepairs.com\/fr\/author\/joesroofing-filetrustbox-com\/"},"uagb_comment_info":0,"uagb_excerpt":"Back to Blog Roof Replacement When Is The Best Time To Replace Your Roof? Joe&#8217;s Roofing Team January 14, 2024 5 min read Deciding when to replace your roof is one of the most important decisions a homeowner can make. While most roofs are built to last 20-25 years, several factors can influence the optimal...","_links":{"self":[{"href":"https:\/\/joesroofingandrepairs.com\/fr\/wp-json\/wp\/v2\/pages\/2082","targetHints":{"allow":["GET"]}}],"collection":[{"href":"https:\/\/joesroofingandrepairs.com\/fr\/wp-json\/wp\/v2\/pages"}],"about":[{"href":"https:\/\/joesroofingandrepairs.com\/fr\/wp-json\/wp\/v2\/types\/page"}],"author":[{"embeddable":true,"href":"https:\/\/joesroofingandrepairs.com\/fr\/wp-json\/wp\/v2\/users\/1"}],"replies":[{"embeddable":true,"href":"https:\/\/joesroofingandrepairs.com\/fr\/wp-json\/wp\/v2\/comments?post=2082"}],"version-history":[{"count":43,"href":"https:\/\/joesroofingandrepairs.com\/fr\/wp-json\/wp\/v2\/pages\/2082\/revisions"}],"predecessor-version":[{"id":3769,"href":"https:\/\/joesroofingandrepairs.com\/fr\/wp-json\/wp\/v2\/pages\/2082\/revisions\/3769"}],"wp:attachment":[{"href":"https:\/\/joesroofingandrepairs.com\/fr\/wp-json\/wp\/v2\/media?parent=2082"}],"curies":[{"name":"wp","href":"https:\/\/api.w.org\/{rel}","templated":true}]}}