{"id":2088,"date":"2026-03-02T19:34:04","date_gmt":"2026-03-03T00:34:04","guid":{"rendered":"https:\/\/joesroofingandrepairs.com\/?page_id=2088"},"modified":"2026-03-30T20:42:41","modified_gmt":"2026-03-31T00:42:41","slug":"common-roofing-problems","status":"publish","type":"page","link":"https:\/\/joesroofingandrepairs.com\/fr\/common-roofing-problems\/","title":{"rendered":"Probl\u00e8mes courants li\u00e9s \u00e0 la toiture"},"content":{"rendered":"<div data-elementor-type=\"wp-page\" data-elementor-id=\"2088\" class=\"elementor elementor-2088\" data-elementor-post-type=\"page\">\n\t\t\t\t<div class=\"elementor-element elementor-element-aeb235b e-con-full e-flex e-con e-parent\" data-id=\"aeb235b\" data-element_type=\"container\" data-e-type=\"container\" data-settings=\"{&quot;background_background&quot;:&quot;classic&quot;}\">\n\t\t<div class=\"elementor-element elementor-element-f4c3aee e-con-full e-flex e-con e-child\" data-id=\"f4c3aee\" data-element_type=\"container\" data-e-type=\"container\">\n\t\t<div class=\"elementor-element elementor-element-77e144b e-con-full e-flex e-con e-child\" data-id=\"77e144b\" data-element_type=\"container\" data-e-type=\"container\" data-settings=\"{&quot;background_background&quot;:&quot;classic&quot;}\">\n\t\t<main class=\"elementor-element elementor-element-44a3af4 e-con-full e-flex e-con e-child\" data-id=\"44a3af4\" data-element_type=\"container\" data-e-type=\"container\">\n\t\t<section class=\"elementor-element elementor-element-f6be83b e-con-full e-flex e-con e-child\" data-id=\"f6be83b\" data-element_type=\"container\" data-e-type=\"container\">\n\t\t<div class=\"elementor-element elementor-element-ac68bc0 e-con-full e-flex e-con e-child\" data-id=\"ac68bc0\" data-element_type=\"container\" data-e-type=\"container\" data-settings=\"{&quot;position&quot;:&quot;absolute&quot;}\">\n\t\t\t\t<div class=\"elementor-element elementor-element-dfa5d5b elementor-widget__width-inherit elementor-widget elementor-widget-image\" data-id=\"dfa5d5b\" data-element_type=\"widget\" data-e-type=\"widget\" data-widget_type=\"image.default\">\n\t\t\t\t\t\t\t\t\t\t\t\t\t\t\t<img fetchpriority=\"high\" decoding=\"async\" width=\"1200\" height=\"800\" src=\"https:\/\/joesroofingandrepairs.com\/wp-content\/uploads\/2026\/03\/1772909865327-4bdcfa604583f.jpg\" class=\"attachment-full size-full wp-image-2941\" alt=\"\" srcset=\"https:\/\/joesroofingandrepairs.com\/wp-content\/uploads\/2026\/03\/1772909865327-4bdcfa604583f.jpg 1200w, https:\/\/joesroofingandrepairs.com\/wp-content\/uploads\/2026\/03\/1772909865327-4bdcfa604583f-300x200.jpg 300w, https:\/\/joesroofingandrepairs.com\/wp-content\/uploads\/2026\/03\/1772909865327-4bdcfa604583f-1024x683.jpg 1024w, https:\/\/joesroofingandrepairs.com\/wp-content\/uploads\/2026\/03\/1772909865327-4bdcfa604583f-768x512.jpg 768w\" sizes=\"(max-width: 1200px) 100vw, 1200px\" title=\"\">\t\t\t\t\t\t\t\t\t\t\t\t\t\t\t<\/div>\n\t\t<div class=\"elementor-element elementor-element-2d5f300 e-con-full e-flex e-con e-child\" data-id=\"2d5f300\" data-element_type=\"container\" data-e-type=\"container\" data-settings=\"{&quot;background_background&quot;:&quot;classic&quot;,&quot;position&quot;:&quot;absolute&quot;}\">\n\t\t\t\t<\/div>\n\t\t\t\t<\/div>\n\t\t<div class=\"elementor-element elementor-element-0773bc7 e-con-full e-flex e-con e-child\" data-id=\"0773bc7\" data-element_type=\"container\" data-e-type=\"container\">\n\t\t\t\t<div class=\"elementor-element elementor-element-87d3fec elementor-widget elementor-widget-button\" data-id=\"87d3fec\" data-element_type=\"widget\" data-e-type=\"widget\" data-widget_type=\"button.default\">\n\t\t\t\t\t\t\t\t\t\t<a class=\"elementor-button elementor-button-link elementor-size-sm\" href=\"https:\/\/joesroofingandrepairs.com\/fr\/blog\/\">\n\t\t\t\t\t\t<span class=\"elementor-button-content-wrapper\">\n\t\t\t\t\t\t<span class=\"elementor-button-icon\">\n\t\t\t\t<svg aria-hidden=\"true\" class=\"e-font-icon-svg e-fas-arrow-left\" viewbox=\"0 0 448 512\" xmlns=\"http:\/\/www.w3.org\/2000\/svg\"><path d=\"M257.5 445.1l-22.2 22.2c-9.4 9.4-24.6 9.4-33.9 0L7 273c-9.4-9.4-9.4-24.6 0-33.9L201.4 44.7c9.4-9.4 24.6-9.4 33.9 0l22.2 22.2c9.5 9.5 9.3 25-.4 34.3L136.6 216H424c13.3 0 24 10.7 24 24v32c0 13.3-10.7 24-24 24H136.6l120.5 114.8c9.8 9.3 10 24.8.4 34.3z\"><\/path><\/svg>\t\t\t<\/span>\n\t\t\t\t\t\t\t\t\t<span class=\"elementor-button-text\">Retour au Blog<\/span>\n\t\t\t\t\t<\/span>\n\t\t\t\t\t<\/a>\n\t\t\t\t\t\t\t\t<\/div>\n\t\t\t\t<div class=\"elementor-element elementor-element-3117529 elementor-widget__width-initial elementor-widget elementor-widget-heading\" data-id=\"3117529\" data-element_type=\"widget\" data-e-type=\"widget\" data-widget_type=\"heading.default\">\n\t\t\t\t\t<div class=\"elementor-heading-title elementor-size-default\">Entretien<\/div>\t\t\t\t<\/div>\n\t\t\t\t<div class=\"elementor-element elementor-element-6618f98 elementor-widget__width-inherit elementor-widget elementor-widget-heading\" data-id=\"6618f98\" data-element_type=\"widget\" data-e-type=\"widget\" data-widget_type=\"heading.default\">\n\t\t\t\t\t<h1 class=\"elementor-heading-title elementor-size-default\">Probl\u00e8mes courants li\u00e9s aux toitures pendant les hivers \u00e0 Ottawa<\/h1>\t\t\t\t<\/div>\n\t\t<div class=\"elementor-element elementor-element-ae0daaf e-con-full e-flex e-con e-child\" data-id=\"ae0daaf\" data-element_type=\"container\" data-e-type=\"container\">\n\t\t<div class=\"elementor-element elementor-element-3fdbbc1 e-con-full e-flex e-con e-child\" data-id=\"3fdbbc1\" data-element_type=\"container\" data-e-type=\"container\">\n\t\t\t\t<div class=\"elementor-element elementor-element-99b4803 elementor-widget elementor-widget-heading\" data-id=\"99b4803\" data-element_type=\"widget\" data-e-type=\"widget\" data-widget_type=\"heading.default\">\n\t\t\t\t\t<span class=\"elementor-heading-title elementor-size-default\">L'\u00e9quipe de Joe's Roofing<\/span>\t\t\t\t<\/div>\n\t\t\t\t<\/div>\n\t\t<div class=\"elementor-element elementor-element-267f24b e-con-full e-flex e-con e-child\" data-id=\"267f24b\" data-element_type=\"container\" data-e-type=\"container\">\n\t\t\t\t<div class=\"elementor-element elementor-element-e3ddda6 elementor-widget elementor-widget-heading\" data-id=\"e3ddda6\" data-element_type=\"widget\" data-e-type=\"widget\" data-widget_type=\"heading.default\">\n\t\t\t\t\t<span class=\"elementor-heading-title elementor-size-default\">7 janvier 2024<\/span>\t\t\t\t<\/div>\n\t\t\t\t<\/div>\n\t\t<div class=\"elementor-element elementor-element-2dafe43 e-con-full e-flex e-con e-child\" data-id=\"2dafe43\" data-element_type=\"container\" data-e-type=\"container\">\n\t\t\t\t<div class=\"elementor-element elementor-element-49c6677 elementor-widget elementor-widget-heading\" data-id=\"49c6677\" data-element_type=\"widget\" data-e-type=\"widget\" data-widget_type=\"heading.default\">\n\t\t\t\t\t<span class=\"elementor-heading-title elementor-size-default\">6 min en lecture<\/span>\t\t\t\t<\/div>\n\t\t\t\t<\/div>\n\t\t\t\t<\/div>\n\t\t\t\t<\/div>\n\t\t\t\t<\/section>\n\t\t<div class=\"elementor-element elementor-element-9c498b9 e-con-full e-flex e-con e-child\" data-id=\"9c498b9\" data-element_type=\"container\" data-e-type=\"container\">\n\t\t<div class=\"elementor-element elementor-element-aeaf20c e-con-full e-flex e-con e-child\" data-id=\"aeaf20c\" data-element_type=\"container\" data-e-type=\"container\">\n\t\t<div class=\"elementor-element elementor-element-4dfe8a8 e-con-full e-flex e-con e-child\" data-id=\"4dfe8a8\" data-element_type=\"container\" data-e-type=\"container\">\n\t\t\t\t<div class=\"elementor-element elementor-element-d764eb5 elementor-widget__width-inherit elementor-widget elementor-widget-heading\" data-id=\"d764eb5\" data-element_type=\"widget\" data-e-type=\"widget\" data-widget_type=\"heading.default\">\n\t\t\t\t\t<p class=\"elementor-heading-title elementor-size-default\">Les hivers rigoureux d'Ottawa posent des d\u00e9fis particuliers aux propri\u00e9taires. En vous informant sur les probl\u00e8mes courants li\u00e9s aux toitures en hiver, vous pourrez prendre des mesures pr\u00e9ventives et \u00e9viter des r\u00e9parations co\u00fbteuses.<\/p>\t\t\t\t<\/div>\n\t\t\t\t<div class=\"elementor-element elementor-element-1b43361 elementor-widget__width-inherit elementor-widget elementor-widget-heading\" data-id=\"1b43361\" data-element_type=\"widget\" data-e-type=\"widget\" data-widget_type=\"heading.default\">\n\t\t\t\t\t<h2 class=\"elementor-heading-title elementor-size-default\">Des Barrages De Glace: Un Hiver Majeur Menace<\/h2>\t\t\t\t<\/div>\n\t\t\t\t<div class=\"elementor-element elementor-element-da49bd2 elementor-widget__width-inherit elementor-widget elementor-widget-heading\" data-id=\"da49bd2\" data-element_type=\"widget\" data-e-type=\"widget\" data-widget_type=\"heading.default\">\n\t\t\t\t\t<p class=\"elementor-heading-title elementor-size-default\">Des digues de glace se forment lorsque la chaleur provenant de vos combles fait fondre la neige, qui reg\u00e8le ensuite au bord du toit. Cela cr\u00e9e une barri\u00e8re qui emp\u00eache l'\u00e9coulement normal de l'eau, ce qui peut entra\u00eener des d\u00e9g\u00e2ts des eaux \u00e0 l'int\u00e9rieur de votre maison.<\/p>\t\t\t\t<\/div>\n\t\t<div class=\"elementor-element elementor-element-70d6fa5 e-con-full e-flex e-con e-child\" data-id=\"70d6fa5\" data-element_type=\"container\" data-e-type=\"container\">\n\t\t\t\t<div class=\"elementor-element elementor-element-05d3d4e elementor-widget__width-inherit elementor-widget elementor-widget-heading\" data-id=\"05d3d4e\" data-element_type=\"widget\" data-e-type=\"widget\" data-widget_type=\"heading.default\">\n\t\t\t\t\t<div class=\"elementor-heading-title elementor-size-default\">Veillez \u00e0 ce que l'isolation des combles soit ad\u00e9quate<\/div>\t\t\t\t<\/div>\n\t\t\t\t<div class=\"elementor-element elementor-element-b6369d4 elementor-widget__width-inherit elementor-widget elementor-widget-heading\" data-id=\"b6369d4\" data-element_type=\"widget\" data-e-type=\"widget\" data-widget_type=\"heading.default\">\n\t\t\t\t\t<div class=\"elementor-heading-title elementor-size-default\">Maintenir une a\u00e9ration des combles<\/div>\t\t\t\t<\/div>\n\t\t\t\t<div class=\"elementor-element elementor-element-d7efe49 elementor-widget__width-inherit elementor-widget elementor-widget-heading\" data-id=\"d7efe49\" data-element_type=\"widget\" data-e-type=\"widget\" data-widget_type=\"heading.default\">\n\t\t\t\t\t<div class=\"elementor-heading-title elementor-size-default\">Garder les goutti\u00e8res propre<\/div>\t\t\t\t<\/div>\n\t\t\t\t<div class=\"elementor-element elementor-element-b2b68d3 elementor-widget__width-inherit elementor-widget elementor-widget-heading\" data-id=\"b2b68d3\" data-element_type=\"widget\" data-e-type=\"widget\" data-widget_type=\"heading.default\">\n\t\t\t\t\t<div class=\"elementor-heading-title elementor-size-default\">Enlever l'exc\u00e9dent de la neige \u00e0 partir d'un bord de toit<\/div>\t\t\t\t<\/div>\n\t\t\t\t<\/div>\n\t\t\t\t<div class=\"elementor-element elementor-element-4dfc9b2 elementor-widget__width-inherit elementor-widget elementor-widget-heading\" data-id=\"4dfc9b2\" data-element_type=\"widget\" data-e-type=\"widget\" data-widget_type=\"heading.default\">\n\t\t\t\t\t<h2 class=\"elementor-heading-title elementor-size-default\">Lourd De L'Accumulation De Neige<\/h2>\t\t\t\t<\/div>\n\t\t\t\t<div class=\"elementor-element elementor-element-6360a22 elementor-widget__width-inherit elementor-widget elementor-widget-heading\" data-id=\"6360a22\" data-element_type=\"widget\" data-e-type=\"widget\" data-widget_type=\"heading.default\">\n\t\t\t\t\t<p class=\"elementor-heading-title elementor-size-default\">Bien que les toitures soient con\u00e7ues pour supporter des charges de neige importantes, une accumulation excessive peut mettre \u00e0 rude \u00e9preuve la structure de votre toiture, surtout si la neige devient humide et lourde.<\/p>\t\t\t\t<\/div>\n\t\t<div class=\"elementor-element elementor-element-3f7a021 e-con-full e-flex e-con e-child\" data-id=\"3f7a021\" data-element_type=\"container\" data-e-type=\"container\">\n\t\t\t\t<div class=\"elementor-element elementor-element-5a9e5f0 elementor-widget__width-inherit elementor-widget elementor-widget-heading\" data-id=\"5a9e5f0\" data-element_type=\"widget\" data-e-type=\"widget\" data-widget_type=\"heading.default\">\n\t\t\t\t\t<div class=\"elementor-heading-title elementor-size-default\">Plusieurs temp\u00eates sans fondre<\/div>\t\t\t\t<\/div>\n\t\t\t\t<div class=\"elementor-element elementor-element-e27a87e elementor-widget__width-inherit elementor-widget elementor-widget-heading\" data-id=\"e27a87e\" data-element_type=\"widget\" data-e-type=\"widget\" data-widget_type=\"heading.default\">\n\t\t\t\t\t<div class=\"elementor-heading-title elementor-size-default\">L'affaissement Visible<\/div>\t\t\t\t<\/div>\n\t\t\t\t<div class=\"elementor-element elementor-element-9197801 elementor-widget__width-inherit elementor-widget elementor-widget-heading\" data-id=\"9197801\" data-element_type=\"widget\" data-e-type=\"widget\" data-widget_type=\"heading.default\">\n\t\t\t\t\t<div class=\"elementor-heading-title elementor-size-default\">Des craquements inhabituels<\/div>\t\t\t\t<\/div>\n\t\t\t\t<div class=\"elementor-element elementor-element-6daa977 elementor-widget__width-inherit elementor-widget elementor-widget-heading\" data-id=\"6daa977\" data-element_type=\"widget\" data-e-type=\"widget\" data-widget_type=\"heading.default\">\n\t\t\t\t\t<div class=\"elementor-heading-title elementor-size-default\">Portes et fen\u00eatres qui coincent<\/div>\t\t\t\t<\/div>\n\t\t\t\t<\/div>\n\t\t\t\t<div class=\"elementor-element elementor-element-6bfc262 elementor-widget__width-inherit elementor-widget elementor-widget-heading\" data-id=\"6bfc262\" data-element_type=\"widget\" data-e-type=\"widget\" data-widget_type=\"heading.default\">\n\t\t\t\t\t<h2 class=\"elementor-heading-title elementor-size-default\">Cycles De Gel-D\u00e9gel<\/h2>\t\t\t\t<\/div>\n\t\t\t\t<div class=\"elementor-element elementor-element-5da2e2c elementor-widget__width-inherit elementor-widget elementor-widget-heading\" data-id=\"5da2e2c\" data-element_type=\"widget\" data-e-type=\"widget\" data-widget_type=\"heading.default\">\n\t\t\t\t\t<p class=\"elementor-heading-title elementor-size-default\">Les variations de temp\u00e9rature provoquent la dilatation et la contraction des mat\u00e9riaux de couverture. \u00c0 long terme, cela peut entra\u00eener l'apparition de fissures, le desserrage des fixations et l'endommagement des solins.<\/p>\t\t\t\t<\/div>\n\t\t\t\t<div class=\"elementor-element elementor-element-036cfc2 elementor-widget__width-inherit elementor-widget elementor-widget-heading\" data-id=\"036cfc2\" data-element_type=\"widget\" data-e-type=\"widget\" data-widget_type=\"heading.default\">\n\t\t\t\t\t<h2 class=\"elementor-heading-title elementor-size-default\">Formation de gla\u00e7ons<\/h2>\t\t\t\t<\/div>\n\t\t\t\t<div class=\"elementor-element elementor-element-5cab2ea elementor-widget__width-inherit elementor-widget elementor-widget-heading\" data-id=\"5cab2ea\" data-element_type=\"widget\" data-e-type=\"widget\" data-widget_type=\"heading.default\">\n\t\t\t\t\t<p class=\"elementor-heading-title elementor-size-default\">Alors que les gla\u00e7ons peuvent \u00eatre belle, ils indiquent souvent la mauvaise a\u00e9ration des combles ou de la glace barrage de formation. Gros gla\u00e7ons peuvent \u00e9galement pr\u00e9senter des risques pour la s\u00e9curit\u00e9 et les dommages les goutti\u00e8res.<\/p>\t\t\t\t<\/div>\n\t\t\t\t<div class=\"elementor-element elementor-element-112f3bb elementor-widget__width-inherit elementor-widget elementor-widget-heading\" data-id=\"112f3bb\" data-element_type=\"widget\" data-e-type=\"widget\" data-widget_type=\"heading.default\">\n\t\t\t\t\t<h2 class=\"elementor-heading-title elementor-size-default\">Inspections professionnelles d'hiver<\/h2>\t\t\t\t<\/div>\n\t\t\t\t<div class=\"elementor-element elementor-element-3d38772 elementor-widget__width-inherit elementor-widget elementor-widget-heading\" data-id=\"3d38772\" data-element_type=\"widget\" data-e-type=\"widget\" data-widget_type=\"heading.default\">\n\t\t\t\t\t<p class=\"elementor-heading-title elementor-size-default\">Faire inspecter votre toiture avant l'hiver permet de rep\u00e9rer les \u00e9ventuels probl\u00e8mes. Notre \u00e9quipe chez Joe's Roofing and Repairs propose des inspections approfondies afin de s'assurer que votre toiture est pr\u00eate \u00e0 affronter les conditions hivernales difficiles d'Ottawa.<\/p>\t\t\t\t<\/div>\n\t\t\t\t<div class=\"elementor-element elementor-element-1c13202 elementor-widget__width-inherit elementor-widget elementor-widget-heading\" data-id=\"1c13202\" data-element_type=\"widget\" data-e-type=\"widget\" data-widget_type=\"heading.default\">\n\t\t\t\t\t<p class=\"elementor-heading-title elementor-size-default\">N'attendez pas qu'un probl\u00e8me survienne : prenez rendez-vous d\u00e8s aujourd'hui pour une inspection hivernale de votre toiture. <\/p>\t\t\t\t<\/div>\n\t\t\t\t<div class=\"elementor-element elementor-element-8faad8f elementor-widget elementor-widget-heading\" data-id=\"8faad8f\" data-element_type=\"widget\" data-e-type=\"widget\" data-widget_type=\"heading.default\">\n\t\t\t\t\t<h2 class=\"elementor-heading-title elementor-size-default\">Joe's Roofing and Repairs: 613-325-3069<\/h2>\t\t\t\t<\/div>\n\t\t\t\t<\/div>\n\t\t\t\t<\/div>\n\t\t\t\t<\/div>\n\t\t<section class=\"elementor-element elementor-element-bac703b e-con-full e-flex e-con e-child\" data-id=\"bac703b\" data-element_type=\"container\" data-e-type=\"container\" data-settings=\"{&quot;background_background&quot;:&quot;classic&quot;}\">\n\t\t<div class=\"elementor-element elementor-element-3c470fb e-con-full e-flex e-con e-child\" data-id=\"3c470fb\" data-element_type=\"container\" data-e-type=\"container\">\n\t\t\t\t<div class=\"elementor-element elementor-element-3844f79 elementor-widget__width-inherit elementor-widget elementor-widget-heading\" data-id=\"3844f79\" data-element_type=\"widget\" data-e-type=\"widget\" data-widget_type=\"heading.default\">\n\t\t\t\t\t<h2 class=\"elementor-heading-title elementor-size-default\">BESOIN D'UN SERVICE DE COUVERTURE ?<\/h2>\t\t\t\t<\/div>\n\t\t\t\t<div class=\"elementor-element elementor-element-c83927a elementor-widget__width-inherit elementor-widget elementor-widget-heading\" data-id=\"c83927a\" data-element_type=\"widget\" data-e-type=\"widget\" data-widget_type=\"heading.default\">\n\t\t\t\t\t<p class=\"elementor-heading-title elementor-size-default\">Call us at 613-325-6069 our expert team is ready to help with all your roofing needs.<\/p>\t\t\t\t<\/div>\n\t\t<div class=\"elementor-element elementor-element-e38a9b7 e-con-full e-flex e-con e-child\" data-id=\"e38a9b7\" data-element_type=\"container\" data-e-type=\"container\">\n\t\t\t\t<div class=\"elementor-element elementor-element-fc7d727 elementor-widget elementor-widget-button\" data-id=\"fc7d727\" data-element_type=\"widget\" data-e-type=\"widget\" data-widget_type=\"button.default\">\n\t\t\t\t\t\t\t\t\t\t<a class=\"elementor-button elementor-button-link elementor-size-sm\" href=\"https:\/\/joesroofingandrepairs.com\/fr\/contact-us\/\">\n\t\t\t\t\t\t<span class=\"elementor-button-content-wrapper\">\n\t\t\t\t\t\t\t\t\t<span class=\"elementor-button-text\">Obtenir un prix<\/span>\n\t\t\t\t\t<\/span>\n\t\t\t\t\t<\/a>\n\t\t\t\t\t\t\t\t<\/div>\n\t\t\t\t<div class=\"elementor-element elementor-element-9a0018e elementor-widget elementor-widget-button\" data-id=\"9a0018e\" data-element_type=\"widget\" data-e-type=\"widget\" data-widget_type=\"button.default\">\n\t\t\t\t\t\t\t\t\t\t<a class=\"elementor-button elementor-button-link elementor-size-sm\" href=\"https:\/\/joesroofingandrepairs.com\/fr\/services\/\">\n\t\t\t\t\t\t<span class=\"elementor-button-content-wrapper\">\n\t\t\t\t\t\t\t\t\t<span class=\"elementor-button-text\">Voir Nos Services<\/span>\n\t\t\t\t\t<\/span>\n\t\t\t\t\t<\/a>\n\t\t\t\t\t\t\t\t<\/div>\n\t\t\t\t<\/div>\n\t\t\t\t<\/div>\n\t\t\t\t<\/section>\n\t\t\t\t<\/main>\n\t\t<footer class=\"elementor-element elementor-element-d15f967 e-con-full e-flex e-con e-child\" data-id=\"d15f967\" data-element_type=\"container\" data-e-type=\"container\" data-settings=\"{&quot;background_background&quot;:&quot;classic&quot;}\">\n\t\t<div class=\"elementor-element elementor-element-fb08787 e-flex e-con-boxed e-con e-child\" data-id=\"fb08787\" data-element_type=\"container\" data-e-type=\"container\">\n\t\t\t\t\t<div class=\"e-con-inner\">\n\t\t<div class=\"elementor-element elementor-element-a1fe286 e-con-full e-flex e-con e-child\" data-id=\"a1fe286\" data-element_type=\"container\" data-e-type=\"container\">\n\t\t\t\t<div class=\"elementor-element elementor-element-9ec6b40 elementor-widget elementor-widget-heading\" data-id=\"9ec6b40\" data-element_type=\"widget\" data-e-type=\"widget\" data-widget_type=\"heading.default\">\n\t\t\t\t\t<p class=\"elementor-heading-title elementor-size-default\">\u00a9 2026 Joe's Roofing and Repairs. Tous droits r\u00e9serv\u00e9s.<\/p>\t\t\t\t<\/div>\n\t\t\t\t<\/div>\n\t\t\t\t\t<\/div>\n\t\t\t\t<\/div>\n\t\t\t\t<\/footer>\n\t\t\t\t<\/div>\n\t\t\t\t<\/div>\n\t\t<div class=\"elementor-element elementor-element-6433a5a e-con-full e-flex e-con e-child\" data-id=\"6433a5a\" data-element_type=\"container\" data-e-type=\"container\">\n\t\t<div class=\"elementor-element elementor-element-962835b e-con-full e-flex e-con e-child\" data-id=\"962835b\" data-element_type=\"container\" data-e-type=\"container\">\n\t\t<div class=\"elementor-element elementor-element-8170939 e-con-full e-flex e-con e-child\" data-id=\"8170939\" data-element_type=\"container\" data-e-type=\"container\">\n\t\t\t\t<\/div>\n\t\t\t\t<\/div>\n\t\t\t\t<\/div>\n\t\t\t\t<\/div>\n\t\t\t\t<\/div>","protected":false},"excerpt":{"rendered":"<p>Back to Blog Maintenance Common Roofing Problems in Ottawa Winters Joe&#8217;s Roofing Team January 7, 2024 6 min read Ottawa&#8217;s harsh winters present unique challenges for homeowners. Understanding common winter roofing problems can help you take preventive measures and avoid costly repairs. Ice Dams: A Major Winter Threat Ice dams form when heat from your&#8230;<\/p>","protected":false},"author":1,"featured_media":0,"parent":0,"menu_order":0,"comment_status":"closed","ping_status":"closed","template":"elementor_header_footer","meta":{"_uag_custom_page_level_css":"","_kad_post_transparent":"","_kad_post_title":"hide","_kad_post_layout":"fullwidth","_kad_post_sidebar_id":"","_kad_post_content_style":"unboxed","_kad_post_vertical_padding":"hide","_kad_post_feature":"hide","_kad_post_feature_position":"","_kad_post_header":false,"_kad_post_footer":false,"_kad_post_classname":"","footnotes":""},"class_list":["post-2088","page","type-page","status-publish","hentry"],"uagb_featured_image_src":{"full":false,"thumbnail":false,"medium":false,"medium_large":false,"large":false,"1536x1536":false,"2048x2048":false,"trp-custom-language-flag":false},"uagb_author_info":{"display_name":"JoesRoofing","author_link":"https:\/\/joesroofingandrepairs.com\/fr\/author\/joesroofing-filetrustbox-com\/"},"uagb_comment_info":0,"uagb_excerpt":"Back to Blog Maintenance Common Roofing Problems in Ottawa Winters Joe&#8217;s Roofing Team January 7, 2024 6 min read Ottawa&#8217;s harsh winters present unique challenges for homeowners. Understanding common winter roofing problems can help you take preventive measures and avoid costly repairs. Ice Dams: A Major Winter Threat Ice dams form when heat from your...","_links":{"self":[{"href":"https:\/\/joesroofingandrepairs.com\/fr\/wp-json\/wp\/v2\/pages\/2088","targetHints":{"allow":["GET"]}}],"collection":[{"href":"https:\/\/joesroofingandrepairs.com\/fr\/wp-json\/wp\/v2\/pages"}],"about":[{"href":"https:\/\/joesroofingandrepairs.com\/fr\/wp-json\/wp\/v2\/types\/page"}],"author":[{"embeddable":true,"href":"https:\/\/joesroofingandrepairs.com\/fr\/wp-json\/wp\/v2\/users\/1"}],"replies":[{"embeddable":true,"href":"https:\/\/joesroofingandrepairs.com\/fr\/wp-json\/wp\/v2\/comments?post=2088"}],"version-history":[{"count":10,"href":"https:\/\/joesroofingandrepairs.com\/fr\/wp-json\/wp\/v2\/pages\/2088\/revisions"}],"predecessor-version":[{"id":3772,"href":"https:\/\/joesroofingandrepairs.com\/fr\/wp-json\/wp\/v2\/pages\/2088\/revisions\/3772"}],"wp:attachment":[{"href":"https:\/\/joesroofingandrepairs.com\/fr\/wp-json\/wp\/v2\/media?parent=2088"}],"curies":[{"name":"wp","href":"https:\/\/api.w.org\/{rel}","templated":true}]}}