{"id":2103,"date":"2026-03-02T19:42:33","date_gmt":"2026-03-03T00:42:33","guid":{"rendered":"https:\/\/joesroofingandrepairs.com\/?page_id=2103"},"modified":"2026-03-30T21:06:47","modified_gmt":"2026-03-31T01:06:47","slug":"regular-roof-inspections","status":"publish","type":"page","link":"https:\/\/joesroofingandrepairs.com\/fr\/regular-roof-inspections\/","title":{"rendered":"Inspections r\u00e9guli\u00e8res du toit"},"content":{"rendered":"<div data-elementor-type=\"wp-page\" data-elementor-id=\"2103\" class=\"elementor elementor-2103\" data-elementor-post-type=\"page\">\n\t\t\t\t<div class=\"elementor-element elementor-element-4ae9cca e-con-full e-flex e-con e-parent\" data-id=\"4ae9cca\" data-element_type=\"container\" data-e-type=\"container\" data-settings=\"{&quot;background_background&quot;:&quot;classic&quot;}\">\n\t\t<div class=\"elementor-element elementor-element-b9d983b e-con-full e-flex e-con e-child\" data-id=\"b9d983b\" data-element_type=\"container\" data-e-type=\"container\">\n\t\t<div class=\"elementor-element elementor-element-7a7ea02 e-con-full e-flex e-con e-child\" data-id=\"7a7ea02\" data-element_type=\"container\" data-e-type=\"container\" data-settings=\"{&quot;background_background&quot;:&quot;classic&quot;}\">\n\t\t<main class=\"elementor-element elementor-element-1ae813f e-con-full e-flex e-con e-child\" data-id=\"1ae813f\" data-element_type=\"container\" data-e-type=\"container\">\n\t\t<section class=\"elementor-element elementor-element-7ddf3c6 e-con-full e-flex e-con e-child\" data-id=\"7ddf3c6\" data-element_type=\"container\" data-e-type=\"container\">\n\t\t<div class=\"elementor-element elementor-element-96dbd18 e-con-full e-flex e-con e-child\" data-id=\"96dbd18\" data-element_type=\"container\" data-e-type=\"container\" data-settings=\"{&quot;position&quot;:&quot;absolute&quot;}\">\n\t\t\t\t<div class=\"elementor-element elementor-element-55d2cd7 elementor-widget__width-inherit elementor-widget elementor-widget-image\" data-id=\"55d2cd7\" data-element_type=\"widget\" data-e-type=\"widget\" data-widget_type=\"image.default\">\n\t\t\t\t\t\t\t\t\t\t\t\t\t\t\t<img fetchpriority=\"high\" decoding=\"async\" width=\"1200\" height=\"800\" src=\"https:\/\/joesroofingandrepairs.com\/wp-content\/uploads\/2026\/03\/1772910330486-f8da48e55d74f.jpg\" class=\"attachment-full size-full wp-image-2945\" alt=\"\" srcset=\"https:\/\/joesroofingandrepairs.com\/wp-content\/uploads\/2026\/03\/1772910330486-f8da48e55d74f.jpg 1200w, https:\/\/joesroofingandrepairs.com\/wp-content\/uploads\/2026\/03\/1772910330486-f8da48e55d74f-300x200.jpg 300w, https:\/\/joesroofingandrepairs.com\/wp-content\/uploads\/2026\/03\/1772910330486-f8da48e55d74f-1024x683.jpg 1024w, https:\/\/joesroofingandrepairs.com\/wp-content\/uploads\/2026\/03\/1772910330486-f8da48e55d74f-768x512.jpg 768w\" sizes=\"(max-width: 1200px) 100vw, 1200px\" title=\"\">\t\t\t\t\t\t\t\t\t\t\t\t\t\t\t<\/div>\n\t\t<div class=\"elementor-element elementor-element-902dbf5 e-con-full e-flex e-con e-child\" data-id=\"902dbf5\" data-element_type=\"container\" data-e-type=\"container\" data-settings=\"{&quot;background_background&quot;:&quot;classic&quot;,&quot;position&quot;:&quot;absolute&quot;}\">\n\t\t\t\t<\/div>\n\t\t\t\t<\/div>\n\t\t<div class=\"elementor-element elementor-element-ce68d2d e-con-full e-flex e-con e-child\" data-id=\"ce68d2d\" data-element_type=\"container\" data-e-type=\"container\">\n\t\t\t\t<div class=\"elementor-element elementor-element-785db44 elementor-widget elementor-widget-button\" data-id=\"785db44\" data-element_type=\"widget\" data-e-type=\"widget\" data-widget_type=\"button.default\">\n\t\t\t\t\t\t\t\t\t\t<a class=\"elementor-button elementor-button-link elementor-size-sm\" href=\"https:\/\/joesroofingandrepairs.com\/fr\/blog\/\">\n\t\t\t\t\t\t<span class=\"elementor-button-content-wrapper\">\n\t\t\t\t\t\t\t\t\t<span class=\"elementor-button-text\">Retour au Blog<\/span>\n\t\t\t\t\t<\/span>\n\t\t\t\t\t<\/a>\n\t\t\t\t\t\t\t\t<\/div>\n\t\t\t\t<div class=\"elementor-element elementor-element-dd1be85 elementor-widget__width-initial elementor-widget elementor-widget-heading\" data-id=\"dd1be85\" data-element_type=\"widget\" data-e-type=\"widget\" data-widget_type=\"heading.default\">\n\t\t\t\t\t<div class=\"elementor-heading-title elementor-size-default\">Entretien<\/div>\t\t\t\t<\/div>\n\t\t\t\t<div class=\"elementor-element elementor-element-51e008c elementor-widget__width-inherit elementor-widget elementor-widget-heading\" data-id=\"51e008c\" data-element_type=\"widget\" data-e-type=\"widget\" data-widget_type=\"heading.default\">\n\t\t\t\t\t<h1 class=\"elementor-heading-title elementor-size-default\">L'importance des inspections r\u00e9guli\u00e8res de la toiture<\/h1>\t\t\t\t<\/div>\n\t\t<div class=\"elementor-element elementor-element-31c6777 e-con-full e-flex e-con e-child\" data-id=\"31c6777\" data-element_type=\"container\" data-e-type=\"container\">\n\t\t<div class=\"elementor-element elementor-element-5693850 e-con-full e-flex e-con e-child\" data-id=\"5693850\" data-element_type=\"container\" data-e-type=\"container\">\n\t\t\t\t<div class=\"elementor-element elementor-element-02053d4 elementor-widget elementor-widget-heading\" data-id=\"02053d4\" data-element_type=\"widget\" data-e-type=\"widget\" data-widget_type=\"heading.default\">\n\t\t\t\t\t<span class=\"elementor-heading-title elementor-size-default\">L'\u00e9quipe de Joe's Roofing<\/span>\t\t\t\t<\/div>\n\t\t\t\t<\/div>\n\t\t<div class=\"elementor-element elementor-element-4d44aa3 e-con-full e-flex e-con e-child\" data-id=\"4d44aa3\" data-element_type=\"container\" data-e-type=\"container\">\n\t\t\t\t<div class=\"elementor-element elementor-element-b50f058 elementor-widget elementor-widget-heading\" data-id=\"b50f058\" data-element_type=\"widget\" data-e-type=\"widget\" data-widget_type=\"heading.default\">\n\t\t\t\t\t<span class=\"elementor-heading-title elementor-size-default\">Le 19 d\u00e9cembre 2023<\/span>\t\t\t\t<\/div>\n\t\t\t\t<\/div>\n\t\t<div class=\"elementor-element elementor-element-8e09a00 e-con-full e-flex e-con e-child\" data-id=\"8e09a00\" data-element_type=\"container\" data-e-type=\"container\">\n\t\t\t\t<div class=\"elementor-element elementor-element-7263696 elementor-widget elementor-widget-heading\" data-id=\"7263696\" data-element_type=\"widget\" data-e-type=\"widget\" data-widget_type=\"heading.default\">\n\t\t\t\t\t<span class=\"elementor-heading-title elementor-size-default\">6 min en lecture<\/span>\t\t\t\t<\/div>\n\t\t\t\t<\/div>\n\t\t\t\t<\/div>\n\t\t\t\t<\/div>\n\t\t\t\t<\/section>\n\t\t<div class=\"elementor-element elementor-element-7beba78 e-con-full e-flex e-con e-child\" data-id=\"7beba78\" data-element_type=\"container\" data-e-type=\"container\">\n\t\t<div class=\"elementor-element elementor-element-87da6d0 e-con-full e-flex e-con e-child\" data-id=\"87da6d0\" data-element_type=\"container\" data-e-type=\"container\">\n\t\t<div class=\"elementor-element elementor-element-f48d120 e-con-full e-flex e-con e-child\" data-id=\"f48d120\" data-element_type=\"container\" data-e-type=\"container\">\n\t\t\t\t<div class=\"elementor-element elementor-element-afa3c86 elementor-widget__width-inherit elementor-widget elementor-widget-heading\" data-id=\"afa3c86\" data-element_type=\"widget\" data-e-type=\"widget\" data-widget_type=\"heading.default\">\n\t\t\t\t\t<p class=\"elementor-heading-title elementor-size-default\">Beaucoup de propri\u00e9taires ne se soucient de leur toiture que lorsqu'un probl\u00e8me survient. Or, des inspections r\u00e9guli\u00e8res sont essentielles pour d\u00e9tecter les petits probl\u00e8mes avant qu'ils ne se transforment en r\u00e9parations importantes \u2014 et co\u00fbteuses.<\/p>\t\t\t\t<\/div>\n\t\t\t\t<div class=\"elementor-element elementor-element-b5b818c elementor-widget__width-inherit elementor-widget elementor-widget-heading\" data-id=\"b5b818c\" data-element_type=\"widget\" data-e-type=\"widget\" data-widget_type=\"heading.default\">\n\t\t\t\t\t<h2 class=\"elementor-heading-title elementor-size-default\">Pourquoi les inspections annuelles sont-elles importantes ?<\/h2>\t\t\t\t<\/div>\n\t\t\t\t<div class=\"elementor-element elementor-element-2c11ce3 elementor-widget__width-inherit elementor-widget elementor-widget-heading\" data-id=\"2c11ce3\" data-element_type=\"widget\" data-e-type=\"widget\" data-widget_type=\"heading.default\">\n\t\t\t\t\t<h3 class=\"elementor-heading-title elementor-size-default\">D\u00e9tection rapide des probl\u00e8mes<\/h3>\t\t\t\t<\/div>\n\t\t\t\t<div class=\"elementor-element elementor-element-6fee5ff elementor-widget__width-inherit elementor-widget elementor-widget-heading\" data-id=\"6fee5ff\" data-element_type=\"widget\" data-e-type=\"widget\" data-widget_type=\"heading.default\">\n\t\t\t\t\t<p class=\"elementor-heading-title elementor-size-default\">De petits probl\u00e8mes, tels que des bardeaux mal fix\u00e9s, des fuites mineures ou des solins endommag\u00e9s, peuvent rapidement s'aggraver s'ils ne sont pas trait\u00e9s \u00e0 temps. Les inspections annuelles permettent de d\u00e9tecter ces probl\u00e8mes \u00e0 un stade pr\u00e9coce, lorsque les r\u00e9parations sont simples et peu co\u00fbteuses.<\/p>\t\t\t\t<\/div>\n\t\t\t\t<div class=\"elementor-element elementor-element-01b42c8 elementor-widget__width-inherit elementor-widget elementor-widget-heading\" data-id=\"01b42c8\" data-element_type=\"widget\" data-e-type=\"widget\" data-widget_type=\"heading.default\">\n\t\t\t\t\t<h3 class=\"elementor-heading-title elementor-size-default\">Prolong\u00e9 La Dur\u00e9e De Vie Du Toit<\/h3>\t\t\t\t<\/div>\n\t\t\t\t<div class=\"elementor-element elementor-element-11e0010 elementor-widget__width-inherit elementor-widget elementor-widget-heading\" data-id=\"11e0010\" data-element_type=\"widget\" data-e-type=\"widget\" data-widget_type=\"heading.default\">\n\t\t\t\t\t<p class=\"elementor-heading-title elementor-size-default\">Un entretien r\u00e9gulier et des r\u00e9parations effectu\u00e9es en temps voulu peuvent prolonger de plusieurs ann\u00e9es la dur\u00e9e de vie de votre toiture. Une toiture bien entretenue peut durer bien plus longtemps qu'une toiture n\u00e9glig\u00e9e.<\/p>\t\t\t\t<\/div>\n\t\t\t\t<div class=\"elementor-element elementor-element-3f8ec0a elementor-widget__width-inherit elementor-widget elementor-widget-heading\" data-id=\"3f8ec0a\" data-element_type=\"widget\" data-e-type=\"widget\" data-widget_type=\"heading.default\">\n\t\t\t\t\t<h3 class=\"elementor-heading-title elementor-size-default\">La Garantie De Conformit\u00e9<\/h3>\t\t\t\t<\/div>\n\t\t\t\t<div class=\"elementor-element elementor-element-afe1d3f elementor-widget__width-inherit elementor-widget elementor-widget-heading\" data-id=\"afe1d3f\" data-element_type=\"widget\" data-e-type=\"widget\" data-widget_type=\"heading.default\">\n\t\t\t\t\t<p class=\"elementor-heading-title elementor-size-default\">De nombreuses garanties de toiture exigent des inspections et un entretien r\u00e9guliers. Le non-respect de ces conditions pourrait entra\u00eener l'annulation de votre garantie.<\/p>\t\t\t\t<\/div>\n\t\t\t\t<div class=\"elementor-element elementor-element-81d016d elementor-widget__width-inherit elementor-widget elementor-widget-heading\" data-id=\"81d016d\" data-element_type=\"widget\" data-e-type=\"widget\" data-widget_type=\"heading.default\">\n\t\t\t\t\t<h3 class=\"elementor-heading-title elementor-size-default\">Les \u00c9conomies De Co\u00fbts<\/h3>\t\t\t\t<\/div>\n\t\t\t\t<div class=\"elementor-element elementor-element-f59db04 elementor-widget__width-inherit elementor-widget elementor-widget-heading\" data-id=\"f59db04\" data-element_type=\"widget\" data-e-type=\"widget\" data-widget_type=\"heading.default\">\n\t\t\t\t\t<p class=\"elementor-heading-title elementor-size-default\">Le co\u00fbt d'une inspection annuelle est minime par rapport \u00e0 des r\u00e9parations d'urgence ou pr\u00e9matur\u00e9 de remplacement du toit. La pr\u00e9vention est toujours plus abordable que de la gestion de crise.<\/p>\t\t\t\t<\/div>\n\t\t\t\t<div class=\"elementor-element elementor-element-c971a12 elementor-widget__width-inherit elementor-widget elementor-widget-heading\" data-id=\"c971a12\" data-element_type=\"widget\" data-e-type=\"widget\" data-widget_type=\"heading.default\">\n\t\t\t\t\t<h2 class=\"elementor-heading-title elementor-size-default\">Ce Que Nous Inspectons<\/h2>\t\t\t\t<\/div>\n\t\t\t\t<div class=\"elementor-element elementor-element-f4a17ac elementor-widget__width-inherit elementor-widget elementor-widget-heading\" data-id=\"f4a17ac\" data-element_type=\"widget\" data-e-type=\"widget\" data-widget_type=\"heading.default\">\n\t\t\t\t\t<p class=\"elementor-heading-title elementor-size-default\">**\u00c9tat des bardeaux :** V\u00e9rifiez s'il y a des fissures, des bardeaux courb\u00e9s, des bardeaux manquants ou une perte de granules.<\/p>\t\t\t\t<\/div>\n\t\t\t\t<div class=\"elementor-element elementor-element-eb84708 elementor-widget__width-inherit elementor-widget elementor-widget-heading\" data-id=\"eb84708\" data-element_type=\"widget\" data-e-type=\"widget\" data-widget_type=\"heading.default\">\n\t\t\t\t\t<p class=\"elementor-heading-title elementor-size-default\">**Clignotant:** la V\u00e9rification des joints d'\u00e9tanch\u00e9it\u00e9 autour des chemin\u00e9es, les \u00e9vents, et les puits de lumi\u00e8re.<\/p>\t\t\t\t<\/div>\n\t\t\t\t<div class=\"elementor-element elementor-element-f0a329e elementor-widget__width-inherit elementor-widget elementor-widget-heading\" data-id=\"f0a329e\" data-element_type=\"widget\" data-e-type=\"widget\" data-widget_type=\"heading.default\">\n\t\t\t\t\t<p class=\"elementor-heading-title elementor-size-default\">**Goutti\u00e8res:** Assurer un bon drainage et \u00e0 la recherche de signes de toit d\u00e9t\u00e9rioration.<\/p>\t\t\t\t<\/div>\n\t\t\t\t<div class=\"elementor-element elementor-element-d18a626 elementor-widget__width-inherit elementor-widget elementor-widget-heading\" data-id=\"d18a626\" data-element_type=\"widget\" data-e-type=\"widget\" data-widget_type=\"heading.default\">\n\t\t\t\t\t<p class=\"elementor-heading-title elementor-size-default\">**L'Int\u00e9grit\u00e9 structurelle:** la V\u00e9rification de l'affaissement, les d\u00e9g\u00e2ts d'eau, ou de pourriture.<\/p>\t\t\t\t<\/div>\n\t\t\t\t<div class=\"elementor-element elementor-element-05fe842 elementor-widget__width-inherit elementor-widget elementor-widget-heading\" data-id=\"05fe842\" data-element_type=\"widget\" data-e-type=\"widget\" data-widget_type=\"heading.default\">\n\t\t\t\t\t<p class=\"elementor-heading-title elementor-size-default\">**Ventilation:* la V\u00e9rification de la bonne a\u00e9ration des combles pour \u00e9viter les probl\u00e8mes d'humidit\u00e9.<\/p>\t\t\t\t<\/div>\n\t\t\t\t<div class=\"elementor-element elementor-element-53a121c elementor-widget__width-inherit elementor-widget elementor-widget-heading\" data-id=\"53a121c\" data-element_type=\"widget\" data-e-type=\"widget\" data-widget_type=\"heading.default\">\n\t\t\t\t\t<p class=\"elementor-heading-title elementor-size-default\">**Panneaux int\u00e9rieurs:** \u00e0 la Recherche pour les taches d'eau ou de dommages \u00e0 l'int\u00e9rieur de votre maison.<\/p>\t\t\t\t<\/div>\n\t\t\t\t<div class=\"elementor-element elementor-element-81c7106 elementor-widget__width-inherit elementor-widget elementor-widget-heading\" data-id=\"81c7106\" data-element_type=\"widget\" data-e-type=\"widget\" data-widget_type=\"heading.default\">\n\t\t\t\t\t<h2 class=\"elementor-heading-title elementor-size-default\">La Planification des Inspections<\/h2>\t\t\t\t<\/div>\n\t\t\t\t<div class=\"elementor-element elementor-element-077e3e4 elementor-widget__width-inherit elementor-widget elementor-widget-heading\" data-id=\"077e3e4\" data-element_type=\"widget\" data-e-type=\"widget\" data-widget_type=\"heading.default\">\n\t\t\t\t\t<p class=\"elementor-heading-title elementor-size-default\">**Visites annuelles:** le Printemps ou l'automne sont les p\u00e9riodes id\u00e9ales pour les inspections de routine.<\/p>\t\t\t\t<\/div>\n\t\t\t\t<div class=\"elementor-element elementor-element-56bc3c6 elementor-widget__width-inherit elementor-widget elementor-widget-heading\" data-id=\"56bc3c6\" data-element_type=\"widget\" data-e-type=\"widget\" data-widget_type=\"heading.default\">\n\t\t\t\t\t<p class=\"elementor-heading-title elementor-size-default\">**Apr\u00e8s de violentes temp\u00eates :** Les vents violents, la gr\u00eale ou les fortes chutes de neige peuvent causer des d\u00e9g\u00e2ts qui n\u00e9cessitent une intervention imm\u00e9diate.<\/p>\t\t\t\t<\/div>\n\t\t\t\t<div class=\"elementor-element elementor-element-a179972 elementor-widget__width-inherit elementor-widget elementor-widget-heading\" data-id=\"a179972\" data-element_type=\"widget\" data-e-type=\"widget\" data-widget_type=\"heading.default\">\n\t\t\t\t\t<p class=\"elementor-heading-title elementor-size-default\">**Avant la vente :** Une inspection pr\u00e9alable \u00e0 la vente peut vous \u00e9viter des mauvaises surprises qui pourraient faire \u00e9chouer la transaction.<\/p>\t\t\t\t<\/div>\n\t\t\t\t<div class=\"elementor-element elementor-element-4e8f05f elementor-widget__width-inherit elementor-widget elementor-widget-heading\" data-id=\"4e8f05f\" data-element_type=\"widget\" data-e-type=\"widget\" data-widget_type=\"heading.default\">\n\t\t\t\t\t<p class=\"elementor-heading-title elementor-size-default\">**Apr\u00e8s l'Achat:** Conna\u00eetre l'\u00e9tat de votre nouvelle maison de la toiture.<\/p>\t\t\t\t<\/div>\n\t\t\t\t<div class=\"elementor-element elementor-element-a652e00 elementor-widget__width-inherit elementor-widget elementor-widget-heading\" data-id=\"a652e00\" data-element_type=\"widget\" data-e-type=\"widget\" data-widget_type=\"heading.default\">\n\t\t\t\t\t<h2 class=\"elementor-heading-title elementor-size-default\">Inspections par des professionnels ou inspections r\u00e9alis\u00e9es soi-m\u00eame<\/h2>\t\t\t\t<\/div>\n\t\t\t\t<div class=\"elementor-element elementor-element-a862491 elementor-widget__width-inherit elementor-widget elementor-widget-heading\" data-id=\"a862491\" data-element_type=\"widget\" data-e-type=\"widget\" data-widget_type=\"heading.default\">\n\t\t\t\t\t<p class=\"elementor-heading-title elementor-size-default\">M\u00eame si vous pouvez rep\u00e9rer certains probl\u00e8mes \u00e9vidents \u00e0 partir du sol, une inspection professionnelle est plus approfondie et plus s\u00fbre. Nos inspecteurs certifi\u00e9s disposent de la formation et de l'\u00e9quipement n\u00e9cessaires pour d\u00e9tecter les probl\u00e8mes qui pourraient vous \u00e9chapper.<\/p>\t\t\t\t<\/div>\n\t\t\t\t<div class=\"elementor-element elementor-element-aaeae94 elementor-widget__width-inherit elementor-widget elementor-widget-heading\" data-id=\"aaeae94\" data-element_type=\"widget\" data-e-type=\"widget\" data-widget_type=\"heading.default\">\n\t\t\t\t\t<h2 class=\"elementor-heading-title elementor-size-default\">Les Inspections de Joe Toiture<\/h2>\t\t\t\t<\/div>\n\t\t\t\t<div class=\"elementor-element elementor-element-79ea56f elementor-widget__width-inherit elementor-widget elementor-widget-heading\" data-id=\"79ea56f\" data-element_type=\"widget\" data-e-type=\"widget\" data-widget_type=\"heading.default\">\n\t\t\t\t\t<p class=\"elementor-heading-title elementor-size-default\">Nous proposons des inspections de toiture afin d'aider les propri\u00e9taires d'Ottawa \u00e0 entretenir correctement leur toiture. Notre rapport d'inspection d\u00e9taill\u00e9 identifie les \u00e9ventuels probl\u00e8mes et formule des recommandations en mati\u00e8re de r\u00e9paration ou d'entretien.<\/p>\t\t\t\t<\/div>\n\t\t\t\t<div class=\"elementor-element elementor-element-a8aef83 elementor-widget__width-inherit elementor-widget elementor-widget-heading\" data-id=\"a8aef83\" data-element_type=\"widget\" data-e-type=\"widget\" data-widget_type=\"heading.default\">\n\t\t\t\t\t<p class=\"elementor-heading-title elementor-size-default\">Prenez rendez-vous d\u00e8s aujourd'hui pour une inspection : n'attendez pas qu'une fuite se produise pour vous rendre compte que vous avez un probl\u00e8me. <\/p>\t\t\t\t<\/div>\n\t\t\t\t<\/div>\n\t\t\t\t<div class=\"elementor-element elementor-element-c6ef2d3 elementor-widget elementor-widget-heading\" data-id=\"c6ef2d3\" data-element_type=\"widget\" data-e-type=\"widget\" data-widget_type=\"heading.default\">\n\t\t\t\t\t<h2 class=\"elementor-heading-title elementor-size-default\">Joe's Roofing  and Repairs: 613-325-6069<\/h2>\t\t\t\t<\/div>\n\t\t\t\t<\/div>\n\t\t\t\t<\/div>\n\t\t<section class=\"elementor-element elementor-element-d6302b4 e-con-full e-flex e-con e-child\" data-id=\"d6302b4\" data-element_type=\"container\" data-e-type=\"container\" data-settings=\"{&quot;background_background&quot;:&quot;classic&quot;}\">\n\t\t<div class=\"elementor-element elementor-element-8071f76 e-con-full e-flex e-con e-child\" data-id=\"8071f76\" data-element_type=\"container\" data-e-type=\"container\">\n\t\t\t\t<div class=\"elementor-element elementor-element-7ccb625 elementor-widget__width-inherit elementor-widget elementor-widget-heading\" data-id=\"7ccb625\" data-element_type=\"widget\" data-e-type=\"widget\" data-widget_type=\"heading.default\">\n\t\t\t\t\t<h2 class=\"elementor-heading-title elementor-size-default\">BESOIN D'UN SERVICE DE COUVERTURE ?<\/h2>\t\t\t\t<\/div>\n\t\t\t\t<div class=\"elementor-element elementor-element-d7ed4bb elementor-widget__width-inherit elementor-widget elementor-widget-heading\" data-id=\"d7ed4bb\" data-element_type=\"widget\" data-e-type=\"widget\" data-widget_type=\"heading.default\">\n\t\t\t\t\t<p class=\"elementor-heading-title elementor-size-default\">Call us at 613-325-6069 our expert team is ready to help with all your roofing needs.<\/p>\t\t\t\t<\/div>\n\t\t<div class=\"elementor-element elementor-element-26dea98 e-con-full e-flex e-con e-child\" data-id=\"26dea98\" data-element_type=\"container\" data-e-type=\"container\">\n\t\t\t\t<div class=\"elementor-element elementor-element-4c87100 elementor-widget elementor-widget-button\" data-id=\"4c87100\" data-element_type=\"widget\" data-e-type=\"widget\" data-widget_type=\"button.default\">\n\t\t\t\t\t\t\t\t\t\t<a class=\"elementor-button elementor-button-link elementor-size-sm\" href=\"https:\/\/joesroofingandrepairs.com\/fr\/contact-us\/\">\n\t\t\t\t\t\t<span class=\"elementor-button-content-wrapper\">\n\t\t\t\t\t\t\t\t\t<span class=\"elementor-button-text\">Obtenir un prix<\/span>\n\t\t\t\t\t<\/span>\n\t\t\t\t\t<\/a>\n\t\t\t\t\t\t\t\t<\/div>\n\t\t\t\t<div class=\"elementor-element elementor-element-4e5a9bd elementor-widget elementor-widget-button\" data-id=\"4e5a9bd\" data-element_type=\"widget\" data-e-type=\"widget\" data-widget_type=\"button.default\">\n\t\t\t\t\t\t\t\t\t\t<a class=\"elementor-button elementor-button-link elementor-size-sm\" href=\"https:\/\/joesroofingandrepairs.com\/fr\/services\/\">\n\t\t\t\t\t\t<span class=\"elementor-button-content-wrapper\">\n\t\t\t\t\t\t\t\t\t<span class=\"elementor-button-text\">Voir Nos Services<\/span>\n\t\t\t\t\t<\/span>\n\t\t\t\t\t<\/a>\n\t\t\t\t\t\t\t\t<\/div>\n\t\t\t\t<\/div>\n\t\t\t\t<\/div>\n\t\t\t\t<\/section>\n\t\t\t\t<\/main>\n\t\t<footer class=\"elementor-element elementor-element-8106808 e-con-full e-flex e-con e-child\" data-id=\"8106808\" data-element_type=\"container\" data-e-type=\"container\" data-settings=\"{&quot;background_background&quot;:&quot;classic&quot;}\">\n\t\t<div class=\"elementor-element elementor-element-1ff717b e-flex e-con-boxed e-con e-child\" data-id=\"1ff717b\" data-element_type=\"container\" data-e-type=\"container\">\n\t\t\t\t\t<div class=\"e-con-inner\">\n\t\t<div class=\"elementor-element elementor-element-96251fc e-con-full e-flex e-con e-child\" data-id=\"96251fc\" data-element_type=\"container\" data-e-type=\"container\">\n\t\t\t\t<div class=\"elementor-element elementor-element-7d632e9 elementor-widget elementor-widget-heading\" data-id=\"7d632e9\" data-element_type=\"widget\" data-e-type=\"widget\" data-widget_type=\"heading.default\">\n\t\t\t\t\t<p class=\"elementor-heading-title elementor-size-default\">\u00a9 2026 Joe's Roofing and Repairs . Tous droits r\u00e9serv\u00e9s.<\/p>\t\t\t\t<\/div>\n\t\t\t\t<\/div>\n\t\t\t\t\t<\/div>\n\t\t\t\t<\/div>\n\t\t\t\t<\/footer>\n\t\t\t\t<\/div>\n\t\t\t\t<\/div>\n\t\t<div class=\"elementor-element elementor-element-2ee3f64 e-con-full e-flex e-con e-child\" data-id=\"2ee3f64\" data-element_type=\"container\" data-e-type=\"container\">\n\t\t<div class=\"elementor-element elementor-element-b50e370 e-con-full e-flex e-con e-child\" data-id=\"b50e370\" data-element_type=\"container\" data-e-type=\"container\">\n\t\t<div class=\"elementor-element elementor-element-4cca8a2 e-con-full e-flex e-con e-child\" data-id=\"4cca8a2\" data-element_type=\"container\" data-e-type=\"container\">\n\t\t\t\t<\/div>\n\t\t\t\t<\/div>\n\t\t\t\t<\/div>\n\t\t\t\t<\/div>\n\t\t\t\t<\/div>","protected":false},"excerpt":{"rendered":"<p>Back to Blog Maintenance The Importance of Regular Roof Inspections Joe&#8217;s Roofing Team December 19, 2023 6 min read Many homeowners don&#8217;t think about their roof until there&#8217;s a problem. However, regular inspections are crucial for catching small issues before they become major\u2014and expensive\u2014repairs. Why Annual Inspections Matter Early Problem Detection Small issues like loose&#8230;<\/p>","protected":false},"author":1,"featured_media":0,"parent":0,"menu_order":0,"comment_status":"closed","ping_status":"closed","template":"elementor_header_footer","meta":{"_uag_custom_page_level_css":"","_kad_post_transparent":"","_kad_post_title":"hide","_kad_post_layout":"fullwidth","_kad_post_sidebar_id":"","_kad_post_content_style":"unboxed","_kad_post_vertical_padding":"hide","_kad_post_feature":"hide","_kad_post_feature_position":"","_kad_post_header":false,"_kad_post_footer":false,"_kad_post_classname":"","footnotes":""},"class_list":["post-2103","page","type-page","status-publish","hentry"],"uagb_featured_image_src":{"full":false,"thumbnail":false,"medium":false,"medium_large":false,"large":false,"1536x1536":false,"2048x2048":false,"trp-custom-language-flag":false},"uagb_author_info":{"display_name":"JoesRoofing","author_link":"https:\/\/joesroofingandrepairs.com\/fr\/author\/joesroofing-filetrustbox-com\/"},"uagb_comment_info":0,"uagb_excerpt":"Back to Blog Maintenance The Importance of Regular Roof Inspections Joe&#8217;s Roofing Team December 19, 2023 6 min read Many homeowners don&#8217;t think about their roof until there&#8217;s a problem. However, regular inspections are crucial for catching small issues before they become major\u2014and expensive\u2014repairs. Why Annual Inspections Matter Early Problem Detection Small issues like loose...","_links":{"self":[{"href":"https:\/\/joesroofingandrepairs.com\/fr\/wp-json\/wp\/v2\/pages\/2103","targetHints":{"allow":["GET"]}}],"collection":[{"href":"https:\/\/joesroofingandrepairs.com\/fr\/wp-json\/wp\/v2\/pages"}],"about":[{"href":"https:\/\/joesroofingandrepairs.com\/fr\/wp-json\/wp\/v2\/types\/page"}],"author":[{"embeddable":true,"href":"https:\/\/joesroofingandrepairs.com\/fr\/wp-json\/wp\/v2\/users\/1"}],"replies":[{"embeddable":true,"href":"https:\/\/joesroofingandrepairs.com\/fr\/wp-json\/wp\/v2\/comments?post=2103"}],"version-history":[{"count":31,"href":"https:\/\/joesroofingandrepairs.com\/fr\/wp-json\/wp\/v2\/pages\/2103\/revisions"}],"predecessor-version":[{"id":3803,"href":"https:\/\/joesroofingandrepairs.com\/fr\/wp-json\/wp\/v2\/pages\/2103\/revisions\/3803"}],"wp:attachment":[{"href":"https:\/\/joesroofingandrepairs.com\/fr\/wp-json\/wp\/v2\/media?parent=2103"}],"curies":[{"name":"wp","href":"https:\/\/api.w.org\/{rel}","templated":true}]}}